{"id":2123,"date":"2024-06-25T19:37:59","date_gmt":"2024-06-25T17:37:59","guid":{"rendered":"https:\/\/feda.endesarrollo.eu\/erasmus\/"},"modified":"2024-11-21T23:56:37","modified_gmt":"2024-11-21T22:56:37","slug":"erasmus","status":"publish","type":"page","link":"https:\/\/feda.endesarrollo.eu\/de\/future-skills\/projekte\/erasmus\/","title":{"rendered":"Erasmus+"},"content":{"rendered":"<p>Das Europ\u00e4ische Programm zur Mobilit\u00e4t und f\u00fcr Auslandsaufenthalte in der beruflichen Bildung.<\/p>\n<p>Das Ziel unseres Bildungsprojekts ist es, die beruflichen F\u00e4higkeiten und die sozialen, interkulturellen und organisatorischen Kompetenzen unserer Auszubildenden zu verbessern.<\/p>\n","protected":false},"excerpt":{"rendered":"<p>Das Ziel unseres Bildungsprojekts ist es, die beruflichen F\u00e4higkeiten und die sozialen, interkulturellen und organisatorischen Kompetenzen unserer Auszubildenden zu verbessern.<\/p>\n","protected":false},"author":1,"featured_media":2558,"parent":2578,"menu_order":0,"comment_status":"closed","ping_status":"closed","template":"","meta":{"_acf_changed":false,"footnotes":""},"class_list":["post-2123","page","type-page","status-publish","has-post-thumbnail","hentry"],"acf":[],"_links":{"self":[{"href":"https:\/\/feda.endesarrollo.eu\/de\/wp-json\/wp\/v2\/pages\/2123","targetHints":{"allow":["GET"]}}],"collection":[{"href":"https:\/\/feda.endesarrollo.eu\/de\/wp-json\/wp\/v2\/pages"}],"about":[{"href":"https:\/\/feda.endesarrollo.eu\/de\/wp-json\/wp\/v2\/types\/page"}],"author":[{"embeddable":true,"href":"https:\/\/feda.endesarrollo.eu\/de\/wp-json\/wp\/v2\/users\/1"}],"replies":[{"embeddable":true,"href":"https:\/\/feda.endesarrollo.eu\/de\/wp-json\/wp\/v2\/comments?post=2123"}],"version-history":[{"count":0,"href":"https:\/\/feda.endesarrollo.eu\/de\/wp-json\/wp\/v2\/pages\/2123\/revisions"}],"up":[{"embeddable":true,"href":"https:\/\/feda.endesarrollo.eu\/de\/wp-json\/wp\/v2\/pages\/2578"}],"wp:featuredmedia":[{"embeddable":true,"href":"https:\/\/feda.endesarrollo.eu\/de\/wp-json\/wp\/v2\/media\/2558"}],"wp:attachment":[{"href":"https:\/\/feda.endesarrollo.eu\/de\/wp-json\/wp\/v2\/media?parent=2123"}],"curies":[{"name":"wp","href":"https:\/\/api.w.org\/{rel}","templated":true}]}}