{"id":2125,"date":"2024-10-08T13:10:50","date_gmt":"2024-10-08T11:10:50","guid":{"rendered":"https:\/\/feda.endesarrollo.eu\/feda-madrid-business-club\/"},"modified":"2024-11-21T23:58:34","modified_gmt":"2024-11-21T22:58:34","slug":"feda-madrid-business-club","status":"publish","type":"page","link":"https:\/\/feda.endesarrollo.eu\/de\/future-skills\/projekte\/feda-madrid-business-club\/","title":{"rendered":"FEDA Madrid Business Club"},"content":{"rendered":"<p class=\"big\">Lernplattform und Netzwerk f\u00fcr FEDA-Auszubildende<\/p>\n<p>Auf Initiative von Auszubildenden der FEDA Madrid wurde 2020 der FEDA Madrid Business Club gegr\u00fcndet. Sein Ziel ist es, das Lernen unserer zuk\u00fcnftigen Fachkr\u00e4fte zu bereichern, indem er alle Auszubildende einl\u00e4dt, an Experten-Talks mit verschiedenen Themen im Zusammenhang mit den Zweigen der FEDA Madrid &#8211; Industrie, Transport und Logistik, Gro\u00df- und Au\u00dfenhandel, Hotelfach und Mechatronik &#8211; teilzunehmen.<\/p>\n","protected":false},"excerpt":{"rendered":"<p>Lernplattform und Netzwerk f\u00fcr FEDA-Auszubildende. Sein Ziel ist es, das Lernen unserer zuk\u00fcnftigen Fachkr\u00e4fte zu bereichern<\/p>\n","protected":false},"author":1,"featured_media":1831,"parent":2578,"menu_order":0,"comment_status":"closed","ping_status":"closed","template":"","meta":{"_acf_changed":false,"footnotes":""},"class_list":["post-2125","page","type-page","status-publish","has-post-thumbnail","hentry"],"acf":[],"_links":{"self":[{"href":"https:\/\/feda.endesarrollo.eu\/de\/wp-json\/wp\/v2\/pages\/2125","targetHints":{"allow":["GET"]}}],"collection":[{"href":"https:\/\/feda.endesarrollo.eu\/de\/wp-json\/wp\/v2\/pages"}],"about":[{"href":"https:\/\/feda.endesarrollo.eu\/de\/wp-json\/wp\/v2\/types\/page"}],"author":[{"embeddable":true,"href":"https:\/\/feda.endesarrollo.eu\/de\/wp-json\/wp\/v2\/users\/1"}],"replies":[{"embeddable":true,"href":"https:\/\/feda.endesarrollo.eu\/de\/wp-json\/wp\/v2\/comments?post=2125"}],"version-history":[{"count":0,"href":"https:\/\/feda.endesarrollo.eu\/de\/wp-json\/wp\/v2\/pages\/2125\/revisions"}],"up":[{"embeddable":true,"href":"https:\/\/feda.endesarrollo.eu\/de\/wp-json\/wp\/v2\/pages\/2578"}],"wp:featuredmedia":[{"embeddable":true,"href":"https:\/\/feda.endesarrollo.eu\/de\/wp-json\/wp\/v2\/media\/1831"}],"wp:attachment":[{"href":"https:\/\/feda.endesarrollo.eu\/de\/wp-json\/wp\/v2\/media?parent=2125"}],"curies":[{"name":"wp","href":"https:\/\/api.w.org\/{rel}","templated":true}]}}