{"id":2155,"date":"2024-06-25T19:39:05","date_gmt":"2024-06-25T17:39:05","guid":{"rendered":"https:\/\/feda.endesarrollo.eu\/sprachen-ohne-grenzen\/"},"modified":"2024-11-21T23:55:21","modified_gmt":"2024-11-21T22:55:21","slug":"sprachen","status":"publish","type":"page","link":"https:\/\/feda.endesarrollo.eu\/de\/future-skills\/sprachen\/","title":{"rendered":"Sprachen"},"content":{"rendered":"<p>Deutsch, Spanisch und Englisch, erh\u00f6hen deine Chancen auf beruflichen Erfolg und \u00f6ffnen dir mit den offiziellen und international anerkannten Qualifikationen der FEDA Madrid die T\u00fcren zu einer globalisierten Welt.<\/p>\n","protected":false},"excerpt":{"rendered":"<p>Deutsch, Spanisch und Englisch, erh\u00f6hen deine Chancen auf beruflichen Erfolg und \u00f6ffnen dir mit den offiziellen und international anerkannten Qualifikationen der FEDA Madrid die T\u00fcren zu einer globalisierten Welt.<\/p>\n","protected":false},"author":1,"featured_media":1965,"parent":2576,"menu_order":0,"comment_status":"closed","ping_status":"closed","template":"","meta":{"_acf_changed":false,"footnotes":""},"class_list":["post-2155","page","type-page","status-publish","has-post-thumbnail","hentry"],"acf":[],"_links":{"self":[{"href":"https:\/\/feda.endesarrollo.eu\/de\/wp-json\/wp\/v2\/pages\/2155","targetHints":{"allow":["GET"]}}],"collection":[{"href":"https:\/\/feda.endesarrollo.eu\/de\/wp-json\/wp\/v2\/pages"}],"about":[{"href":"https:\/\/feda.endesarrollo.eu\/de\/wp-json\/wp\/v2\/types\/page"}],"author":[{"embeddable":true,"href":"https:\/\/feda.endesarrollo.eu\/de\/wp-json\/wp\/v2\/users\/1"}],"replies":[{"embeddable":true,"href":"https:\/\/feda.endesarrollo.eu\/de\/wp-json\/wp\/v2\/comments?post=2155"}],"version-history":[{"count":0,"href":"https:\/\/feda.endesarrollo.eu\/de\/wp-json\/wp\/v2\/pages\/2155\/revisions"}],"up":[{"embeddable":true,"href":"https:\/\/feda.endesarrollo.eu\/de\/wp-json\/wp\/v2\/pages\/2576"}],"wp:featuredmedia":[{"embeddable":true,"href":"https:\/\/feda.endesarrollo.eu\/de\/wp-json\/wp\/v2\/media\/1965"}],"wp:attachment":[{"href":"https:\/\/feda.endesarrollo.eu\/de\/wp-json\/wp\/v2\/media?parent=2155"}],"curies":[{"name":"wp","href":"https:\/\/api.w.org\/{rel}","templated":true}]}}