{"id":2177,"date":"2024-04-03T19:32:54","date_gmt":"2024-04-03T17:32:54","guid":{"rendered":"https:\/\/feda.endesarrollo.eu\/news\/"},"modified":"2024-11-22T00:05:48","modified_gmt":"2024-11-21T23:05:48","slug":"news","status":"publish","type":"page","link":"https:\/\/feda.endesarrollo.eu\/de\/news\/","title":{"rendered":"News"},"content":{"rendered":"","protected":false},"excerpt":{"rendered":"<p>Erfahren Sie alle Neuigkeiten \u00fcber das Duale FP in Madrid und die Aktivit\u00e4ten der Schule und der Sch\u00fcler<\/p>\n","protected":false},"author":1,"featured_media":0,"parent":0,"menu_order":0,"comment_status":"closed","ping_status":"closed","template":"","meta":{"_acf_changed":false,"footnotes":""},"class_list":["post-2177","page","type-page","status-publish","hentry"],"acf":[],"_links":{"self":[{"href":"https:\/\/feda.endesarrollo.eu\/de\/wp-json\/wp\/v2\/pages\/2177","targetHints":{"allow":["GET"]}}],"collection":[{"href":"https:\/\/feda.endesarrollo.eu\/de\/wp-json\/wp\/v2\/pages"}],"about":[{"href":"https:\/\/feda.endesarrollo.eu\/de\/wp-json\/wp\/v2\/types\/page"}],"author":[{"embeddable":true,"href":"https:\/\/feda.endesarrollo.eu\/de\/wp-json\/wp\/v2\/users\/1"}],"replies":[{"embeddable":true,"href":"https:\/\/feda.endesarrollo.eu\/de\/wp-json\/wp\/v2\/comments?post=2177"}],"version-history":[{"count":0,"href":"https:\/\/feda.endesarrollo.eu\/de\/wp-json\/wp\/v2\/pages\/2177\/revisions"}],"wp:attachment":[{"href":"https:\/\/feda.endesarrollo.eu\/de\/wp-json\/wp\/v2\/media?parent=2177"}],"curies":[{"name":"wp","href":"https:\/\/api.w.org\/{rel}","templated":true}]}}