{"id":2185,"date":"2024-10-09T19:54:37","date_gmt":"2024-10-09T17:54:37","guid":{"rendered":"https:\/\/feda.endesarrollo.eu\/mitglieder\/"},"modified":"2024-11-22T00:04:44","modified_gmt":"2024-11-21T23:04:44","slug":"mitglieder","status":"publish","type":"page","link":"https:\/\/feda.endesarrollo.eu\/de\/ueber-uns\/mitglieder\/","title":{"rendered":"Partner"},"content":{"rendered":"<p>FEDA Madrid wird von mehr als <a href=\"?p=859\" target=\"_blank\" rel=\"noopener\">60 Unternehmen und Organisationen<\/a> aus verschiedenen Bereichen unterst\u00fctzt, die sich f\u00fcr die F\u00f6rderung der deutschen dualen Ausbildung einsetzen.<\/p>\n","protected":false},"excerpt":{"rendered":"<p>FEDA Madrid wird von mehr als 60 Unternehmen und Organisationen aus verschiedenen Bereichen unterst\u00fctzt, die sich f\u00fcr die F\u00f6rderung der deutschen dualen Ausbildung einsetzen.<\/p>\n","protected":false},"author":1,"featured_media":0,"parent":2577,"menu_order":0,"comment_status":"closed","ping_status":"closed","template":"","meta":{"_acf_changed":false,"footnotes":""},"class_list":["post-2185","page","type-page","status-publish","hentry"],"acf":[],"_links":{"self":[{"href":"https:\/\/feda.endesarrollo.eu\/de\/wp-json\/wp\/v2\/pages\/2185","targetHints":{"allow":["GET"]}}],"collection":[{"href":"https:\/\/feda.endesarrollo.eu\/de\/wp-json\/wp\/v2\/pages"}],"about":[{"href":"https:\/\/feda.endesarrollo.eu\/de\/wp-json\/wp\/v2\/types\/page"}],"author":[{"embeddable":true,"href":"https:\/\/feda.endesarrollo.eu\/de\/wp-json\/wp\/v2\/users\/1"}],"replies":[{"embeddable":true,"href":"https:\/\/feda.endesarrollo.eu\/de\/wp-json\/wp\/v2\/comments?post=2185"}],"version-history":[{"count":0,"href":"https:\/\/feda.endesarrollo.eu\/de\/wp-json\/wp\/v2\/pages\/2185\/revisions"}],"up":[{"embeddable":true,"href":"https:\/\/feda.endesarrollo.eu\/de\/wp-json\/wp\/v2\/pages\/2577"}],"wp:attachment":[{"href":"https:\/\/feda.endesarrollo.eu\/de\/wp-json\/wp\/v2\/media?parent=2185"}],"curies":[{"name":"wp","href":"https:\/\/api.w.org\/{rel}","templated":true}]}}