{"id":2198,"date":"2024-06-25T19:41:41","date_gmt":"2024-06-25T17:41:41","guid":{"rendered":"https:\/\/feda.endesarrollo.eu\/practicas\/"},"modified":"2024-11-22T15:55:38","modified_gmt":"2024-11-22T14:55:38","slug":"practicas","status":"publish","type":"page","link":"https:\/\/feda.endesarrollo.eu\/de\/ueber-uns\/practicas\/","title":{"rendered":"Praktikum"},"content":{"rendered":"&#13;\n<p>FEDA Madrid vergibt regelm\u00e4\u00dfig Praktikumspl\u00e4tze im Bereich Schulverwaltung und Unterricht an interessierte Bewerber*innen.<\/p>&#13;\n&#13;\n<p>Sowohl Studierende als auch Auszubildende in kaufm\u00e4nnischen Berufen im Rahmen eines Erasmus+ Programms k\u00f6nnen sich bei uns bewerben.<\/p>&#13;\n","protected":false},"excerpt":{"rendered":"<p>FEDA Madrid vergibt regelm\u00e4\u00dfig Praktikumspl\u00e4tze im Bereich Schulverwaltung und Unterricht an interessierte Bewerber*innen.<\/p>\n","protected":false},"author":1,"featured_media":1831,"parent":2577,"menu_order":0,"comment_status":"closed","ping_status":"closed","template":"","meta":{"_acf_changed":false,"footnotes":""},"class_list":["post-2198","page","type-page","status-publish","has-post-thumbnail","hentry"],"acf":[],"_links":{"self":[{"href":"https:\/\/feda.endesarrollo.eu\/de\/wp-json\/wp\/v2\/pages\/2198","targetHints":{"allow":["GET"]}}],"collection":[{"href":"https:\/\/feda.endesarrollo.eu\/de\/wp-json\/wp\/v2\/pages"}],"about":[{"href":"https:\/\/feda.endesarrollo.eu\/de\/wp-json\/wp\/v2\/types\/page"}],"author":[{"embeddable":true,"href":"https:\/\/feda.endesarrollo.eu\/de\/wp-json\/wp\/v2\/users\/1"}],"replies":[{"embeddable":true,"href":"https:\/\/feda.endesarrollo.eu\/de\/wp-json\/wp\/v2\/comments?post=2198"}],"version-history":[{"count":0,"href":"https:\/\/feda.endesarrollo.eu\/de\/wp-json\/wp\/v2\/pages\/2198\/revisions"}],"up":[{"embeddable":true,"href":"https:\/\/feda.endesarrollo.eu\/de\/wp-json\/wp\/v2\/pages\/2577"}],"wp:featuredmedia":[{"embeddable":true,"href":"https:\/\/feda.endesarrollo.eu\/de\/wp-json\/wp\/v2\/media\/1831"}],"wp:attachment":[{"href":"https:\/\/feda.endesarrollo.eu\/de\/wp-json\/wp\/v2\/media?parent=2198"}],"curies":[{"name":"wp","href":"https:\/\/api.w.org\/{rel}","templated":true}]}}